{"id":8186,"date":"2022-11-16T16:23:51","date_gmt":"2022-11-16T16:23:51","guid":{"rendered":"http:\/\/bioplagas.srtv.cl\/?page_id=8186"},"modified":"2024-05-06T17:10:24","modified_gmt":"2024-05-06T20:10:24","slug":"contacto","status":"publish","type":"page","link":"https:\/\/rentalterrafirma.cl\/index.php\/contacto\/","title":{"rendered":"Contacto"},"content":{"rendered":"<div class=\"wpb-content-wrapper\"><section class=\"l-section wpb_row height_custom\"><div class=\"l-section-h i-cf\"><div class=\"g-cols vc_row via_flex valign_top type_default stacking_default\"><div class=\"vc_col-sm-12 wpb_column vc_column_container\"><div class=\"vc_column-inner\"><div class=\"wpb_wrapper\"><div class=\"w-separator size_medium\"><\/div><div class=\"wpb_text_column us_custom_4d764496\"><div class=\"wpb_wrapper\"><p style=\"color: #2a2a2a;\">Contacto<\/p>\n<\/div><\/div><div class=\"w-separator size_medium\"><\/div><\/div><\/div><\/div><div class=\"vc_col-sm-6 wpb_column vc_column_container\"><div class=\"vc_column-inner us_custom_a5c88937\"><div class=\"wpb_wrapper\"><div class=\"w-text icon_atleft\"><span class=\"w-text-h\"><i class=\"material-icons\">phone<\/i><span class=\"w-text-value\">Tel\u00e9fono:<\/span><\/span><\/div><div class=\"w-separator size_small with_line width_default thick_1 style_solid color_border align_center\"><div class=\"w-separator-h\"><\/div><\/div><div class=\"w-text\"><a href=\"tel:+56 222 229 330\" class=\"w-text-h\"><span class=\"w-text-value\">+56 222 229 330<\/span><\/a><\/div><div class=\"w-separator size_custom\" style=\"height:15px\"><\/div><div class=\"w-text\"><a href=\"tel:+56 222 229 889\" class=\"w-text-h\"><span class=\"w-text-value\">+56 222 229 889<\/span><\/a><\/div><div class=\"w-separator size_custom\" style=\"height:15px\"><\/div><div class=\"w-text\"><a href=\"tel:+56 998 278 637\" class=\"w-text-h\"><span class=\"w-text-value\">+56 998 278 637<\/span><\/a><\/div><div class=\"w-separator size_medium\"><\/div><div class=\"w-text icon_atleft\"><span class=\"w-text-h\"><i class=\"material-icons\">mail<\/i><span class=\"w-text-value\">Correo:<\/span><\/span><\/div><div class=\"w-separator size_small with_line width_default thick_1 style_solid color_border align_center\"><div class=\"w-separator-h\"><\/div><\/div><div class=\"w-text\"><a href=\"mailto:contacto@rentalterrafirma.cl\" class=\"w-text-h\"><span class=\"w-text-value\">contacto@rentalterrafirma.cl<\/span><\/a><\/div><\/div><\/div><\/div><div class=\"vc_col-sm-6 wpb_column vc_column_container\"><div class=\"vc_column-inner us_custom_a5c88937\"><div class=\"wpb_wrapper\"><div class=\"w-text icon_atleft\"><span class=\"w-text-h\"><i class=\"material-icons\">location_on<\/i><span class=\"w-text-value\">Direcci\u00f3n:<\/span><\/span><\/div><div class=\"w-separator size_small with_line width_default thick_1 style_solid color_border align_center\"><div class=\"w-separator-h\"><\/div><\/div><div class=\"w-html\"><iframe data-src=\"https:\/\/www.google.com\/maps\/embed?pb=!1m18!1m12!1m3!1d3327.557744569154!2d-70.6054091236359!3d-33.48686327337506!2m3!1f0!2f0!3f0!3m2!1i1024!2i768!4f13.1!3m3!1m2!1s0x9662d0194c5e5da3%3A0x7268d19b8154b7d4!2sLos%20Industriales%202857%2C%207821166%20Macul%2C%20Regi%C3%B3n%20Metropolitana!5e0!3m2!1ses!2scl!4v1713817231274!5m2!1ses!2scl\" width=\"600\" height=\"450\" style=\"border:0;\" allowfullscreen=\"\" referrerpolicy=\"no-referrer-when-downgrade\" src=\"data:image\/svg+xml;base64,PHN2ZyB3aWR0aD0iMSIgaGVpZ2h0PSIxIiB4bWxucz0iaHR0cDovL3d3dy53My5vcmcvMjAwMC9zdmciPjwvc3ZnPg==\" class=\"lazyload\" data-load-mode=\"1\"><\/iframe><\/div><div class=\"w-separator size_custom\" style=\"height:20px\"><\/div><div class=\"w-text\"><span class=\"w-text-h\"><span class=\"w-text-value\">Los Industriales #2857 Macul, Regi\u00f3n Metropolitana<\/span><\/span><\/div><\/div><\/div><\/div><\/div><\/div><\/section>\n<\/div>","protected":false},"excerpt":{"rendered":"Contacto phoneTel\u00e9fono:+56 222 229 330+56 222 229 889+56 998 278 637mailCorreo:contacto@rentalterrafirma.cllocation_onDirecci\u00f3n:Los Industriales #2857 Macul, Regi\u00f3n Metropolitana","protected":false},"author":3,"featured_media":0,"parent":0,"menu_order":0,"comment_status":"closed","ping_status":"closed","template":"","meta":{"footnotes":""},"class_list":["post-8186","page","type-page","status-publish","hentry"],"_links":{"self":[{"href":"https:\/\/rentalterrafirma.cl\/index.php\/wp-json\/wp\/v2\/pages\/8186","targetHints":{"allow":["GET"]}}],"collection":[{"href":"https:\/\/rentalterrafirma.cl\/index.php\/wp-json\/wp\/v2\/pages"}],"about":[{"href":"https:\/\/rentalterrafirma.cl\/index.php\/wp-json\/wp\/v2\/types\/page"}],"author":[{"embeddable":true,"href":"https:\/\/rentalterrafirma.cl\/index.php\/wp-json\/wp\/v2\/users\/3"}],"replies":[{"embeddable":true,"href":"https:\/\/rentalterrafirma.cl\/index.php\/wp-json\/wp\/v2\/comments?post=8186"}],"version-history":[{"count":32,"href":"https:\/\/rentalterrafirma.cl\/index.php\/wp-json\/wp\/v2\/pages\/8186\/revisions"}],"predecessor-version":[{"id":9916,"href":"https:\/\/rentalterrafirma.cl\/index.php\/wp-json\/wp\/v2\/pages\/8186\/revisions\/9916"}],"wp:attachment":[{"href":"https:\/\/rentalterrafirma.cl\/index.php\/wp-json\/wp\/v2\/media?parent=8186"}],"curies":[{"name":"wp","href":"https:\/\/api.w.org\/{rel}","templated":true}]}}