{"id":9400,"date":"2024-04-19T17:26:44","date_gmt":"2024-04-19T20:26:44","guid":{"rendered":"https:\/\/rentalterrafirma.cl\/?page_id=9400"},"modified":"2024-04-24T12:20:56","modified_gmt":"2024-04-24T15:20:56","slug":"quienes-somos","status":"publish","type":"page","link":"https:\/\/rentalterrafirma.cl\/index.php\/quienes-somos\/","title":{"rendered":"Quienes Somos"},"content":{"rendered":"<div class=\"wpb-content-wrapper\"><section class=\"l-section wpb_row height_custom\"><div class=\"l-section-h i-cf\"><div class=\"g-cols vc_row via_flex valign_top type_default stacking_default\"><div class=\"vc_col-sm-12 wpb_column vc_column_container\"><div class=\"vc_column-inner\"><div class=\"wpb_wrapper\"><div class=\"w-separator size_medium\"><\/div><div class=\"wpb_text_column us_custom_4d764496\"><div class=\"wpb_wrapper\"><div>\n<p><span style=\"color: #2a2a2a;\">QUIENES <\/span><span style=\"color: #d9e021;\">SOMOS<\/span><\/p>\n<\/div>\n<\/div><\/div><div class=\"w-separator size_medium\"><\/div><div class=\"wpb_text_column\"><div class=\"wpb_wrapper\"><p>Nuestra empresa est\u00e1 abocada a entregar soluciones integrales de trabajo en altura proporcionando mediante visitas a terreno y levantando informaci\u00f3n adecuada la log\u00edstica de montaje y desmontaje, traslado de entrega y retiro m\u00e1s el arriendo de los equipos. Solucionando de forma integral y 100% segura a nuestros clientes para poder desarrollar trabajos seguros y c\u00f3modos en superficies de complejo acceso.<\/p>\n<p>Nos adecuamos a sus necesidades en cualquier tipo de superficie, altura o estructura que implique ejecutar trabajos de revestimientos, piping, pintura Etc. con seguridad y comodidad.<\/p>\n<\/div><\/div><\/div><\/div><\/div><\/div><\/div><\/section>\n<\/div>","protected":false},"excerpt":{"rendered":"QUIENES SOMOS Nuestra empresa est\u00e1 abocada a entregar soluciones integrales de trabajo en altura proporcionando mediante visitas a terreno y levantando informaci\u00f3n adecuada la log\u00edstica de montaje y desmontaje, traslado de entrega y retiro m\u00e1s el arriendo de los equipos. Solucionando de forma integral y 100% segura a nuestros clientes para poder desarrollar trabajos seguros...","protected":false},"author":3,"featured_media":0,"parent":0,"menu_order":0,"comment_status":"closed","ping_status":"closed","template":"","meta":{"footnotes":""},"class_list":["post-9400","page","type-page","status-publish","hentry"],"_links":{"self":[{"href":"https:\/\/rentalterrafirma.cl\/index.php\/wp-json\/wp\/v2\/pages\/9400","targetHints":{"allow":["GET"]}}],"collection":[{"href":"https:\/\/rentalterrafirma.cl\/index.php\/wp-json\/wp\/v2\/pages"}],"about":[{"href":"https:\/\/rentalterrafirma.cl\/index.php\/wp-json\/wp\/v2\/types\/page"}],"author":[{"embeddable":true,"href":"https:\/\/rentalterrafirma.cl\/index.php\/wp-json\/wp\/v2\/users\/3"}],"replies":[{"embeddable":true,"href":"https:\/\/rentalterrafirma.cl\/index.php\/wp-json\/wp\/v2\/comments?post=9400"}],"version-history":[{"count":16,"href":"https:\/\/rentalterrafirma.cl\/index.php\/wp-json\/wp\/v2\/pages\/9400\/revisions"}],"predecessor-version":[{"id":9642,"href":"https:\/\/rentalterrafirma.cl\/index.php\/wp-json\/wp\/v2\/pages\/9400\/revisions\/9642"}],"wp:attachment":[{"href":"https:\/\/rentalterrafirma.cl\/index.php\/wp-json\/wp\/v2\/media?parent=9400"}],"curies":[{"name":"wp","href":"https:\/\/api.w.org\/{rel}","templated":true}]}}