{"id":10084,"date":"2025-03-31T15:10:12","date_gmt":"2025-03-31T18:10:12","guid":{"rendered":"https:\/\/rentalterrafirma.cl\/?post_type=product&#038;p=10084"},"modified":"2025-04-01T16:12:13","modified_gmt":"2025-04-01T19:12:13","slug":"arriendo-de-alza-hombre","status":"publish","type":"product","link":"https:\/\/rentalterrafirma.cl\/index.php\/producto\/arriendo-de-alza-hombre\/","title":{"rendered":"Arriendo de Alza Hombre"},"content":{"rendered":"<div class=\"wpb-content-wrapper\"><section class=\"l-section wpb_row height_auto width_full\"><div class=\"l-section-h i-cf\"><div class=\"g-cols vc_row via_flex valign_top type_default stacking_default\"><div class=\"vc_col-sm-12 wpb_column vc_column_container\"><div class=\"vc_column-inner\"><div class=\"wpb_wrapper\"><div class=\"wpb_text_column\"><div class=\"wpb_wrapper\"><p>Alza Hombre con Altura M\u00e1xima Hasta 18 mts<\/p>\n<p>En Rental Terra Firma, ofrecemos el servicio de alza hombre con altura m\u00e1xima hasta 18 mts, ideal para trabajos de mantenimiento, construcci\u00f3n, y reparaci\u00f3n en zonas elevadas. Nuestras plataformas elevadoras est\u00e1n dise\u00f1adas para brindar seguridad, estabilidad y comodidad, permitiendo a los operarios trabajar a gran altura con total confianza. Con una capacidad de hasta 18 metros, garantizamos que podr\u00e1s acceder a los lugares m\u00e1s dif\u00edciles de alcanzar, con la facilidad de manejar y ajustar la plataforma seg\u00fan tus necesidades. \u00a1Asegura la eficiencia de tus proyectos con la mejor tecnolog\u00eda y el respaldo de Rental Terra Firma!<\/p>\n<\/div><\/div><div class=\"w-separator size_medium\"><\/div><div class=\"w-video us_custom_ae17a944 vid-alza-hombre align_center ratio_3x2\"><div class=\"w-video-h\"><video controls preload=\"auto\"><source type=\"video\/mp4\" src=\"\/wp-content\/uploads\/2025\/03\/VID-20250331-WA0002.mp4\" \/><\/video><\/div><div class=\"w-video-icon\" style=\"font-size:1.5rem;background:rgba(0,0,0,0.5);color:#fff\"><\/div><\/div><\/div><\/div><\/div><\/div><\/div><\/section>\n<\/div>","protected":false},"excerpt":{"rendered":"Alza Hombre con Altura M\u00e1xima Hasta 18 mts En Rental Terra Firma, ofrecemos el servicio de alza hombre con altura m\u00e1xima hasta 18 mts, ideal para trabajos de mantenimiento, construcci\u00f3n, y reparaci\u00f3n en zonas elevadas. Nuestras plataformas elevadoras est\u00e1n dise\u00f1adas para brindar seguridad, estabilidad y comodidad, permitiendo a los operarios trabajar a gran altura con...","protected":false},"featured_media":10085,"template":"","meta":[],"product_brand":[],"product_cat":[129],"product_tag":[],"class_list":{"0":"post-10084","1":"product","2":"type-product","3":"status-publish","4":"has-post-thumbnail","6":"product_cat-alza-hombre","8":"first","9":"instock","10":"shipping-taxable","11":"product-type-simple"},"_links":{"self":[{"href":"https:\/\/rentalterrafirma.cl\/index.php\/wp-json\/wp\/v2\/product\/10084","targetHints":{"allow":["GET"]}}],"collection":[{"href":"https:\/\/rentalterrafirma.cl\/index.php\/wp-json\/wp\/v2\/product"}],"about":[{"href":"https:\/\/rentalterrafirma.cl\/index.php\/wp-json\/wp\/v2\/types\/product"}],"wp:featuredmedia":[{"embeddable":true,"href":"https:\/\/rentalterrafirma.cl\/index.php\/wp-json\/wp\/v2\/media\/10085"}],"wp:attachment":[{"href":"https:\/\/rentalterrafirma.cl\/index.php\/wp-json\/wp\/v2\/media?parent=10084"}],"wp:term":[{"taxonomy":"product_brand","embeddable":true,"href":"https:\/\/rentalterrafirma.cl\/index.php\/wp-json\/wp\/v2\/product_brand?post=10084"},{"taxonomy":"product_cat","embeddable":true,"href":"https:\/\/rentalterrafirma.cl\/index.php\/wp-json\/wp\/v2\/product_cat?post=10084"},{"taxonomy":"product_tag","embeddable":true,"href":"https:\/\/rentalterrafirma.cl\/index.php\/wp-json\/wp\/v2\/product_tag?post=10084"}],"curies":[{"name":"wp","href":"https:\/\/api.w.org\/{rel}","templated":true}]}}