{"id":9441,"date":"2024-04-22T10:36:48","date_gmt":"2024-04-22T13:36:48","guid":{"rendered":"https:\/\/rentalterrafirma.cl\/?post_type=product&#038;p=9441"},"modified":"2024-09-26T11:01:55","modified_gmt":"2024-09-26T14:01:55","slug":"andamio-multidireccional","status":"publish","type":"product","link":"https:\/\/rentalterrafirma.cl\/index.php\/producto\/andamio-multidireccional\/","title":{"rendered":"Andamio Multidireccional"},"content":{"rendered":"<p>Este tipo de andamio cuenta con una versatilidad infinita de alcance para cualquier tipo de lugar, altura y superficie.<\/p>\n<p>Como su nombre lo describe, se puede modular y dirigir a voluntad, satisfaciendo cualquier necesidad que requiera el trabajo a desempe\u00f1ar.<\/p>\n<p>Tambi\u00e9n cuenta con una s\u00f3lida fortaleza estructural lo que le permite llegar a alturas importantes.<\/p>\n<p>Est\u00e1n fabricados de acero galvanizado, resistente y liviano.<\/p>\n<p><strong>Talvez te interese:<\/strong><\/p>\n<ul>\n<li><a href=\"https:\/\/rentalterrafirma.cl\/index.php\/arriendo-de-andamio-multidireccional\/\"><strong>Arriendo de Andamio Multidireccional<\/strong><\/a><\/li>\n<li><a href=\"https:\/\/rentalterrafirma.cl\/index.php\/montaje-de-andamio-multidireccional\/\"><strong>Montaje de Andamio Multidireccional<\/strong><\/a><\/li>\n<li><a href=\"https:\/\/rentalterrafirma.cl\/index.php\/desmontaje-de-andamio-multidireccional\/\"><strong>Desmontaje de Andamio Multidireccional<\/strong><\/a><\/li>\n<\/ul>\n","protected":false},"excerpt":{"rendered":"<p>Este tipo de andamio cuenta con una versatilidad infinita de alcance para cualquier tipo de lugar, altura y superficie. Como su nombre lo describe, se puede modular y dirigir a voluntad, satisfaciendo cualquier necesidad que requiera el trabajo a desempe\u00f1ar. Tambi\u00e9n cuenta con una s\u00f3lida fortaleza estructural lo que le permite llegar a alturas importantes&#8230;.<\/p>\n","protected":false},"featured_media":9865,"template":"","meta":[],"product_brand":[],"product_cat":[116,120],"product_tag":[],"class_list":{"0":"post-9441","1":"product","2":"type-product","3":"status-publish","4":"has-post-thumbnail","6":"product_cat-andamio","7":"product_cat-andamio-multidireccional","9":"first","10":"instock","11":"virtual","12":"product-type-simple"},"_links":{"self":[{"href":"https:\/\/rentalterrafirma.cl\/index.php\/wp-json\/wp\/v2\/product\/9441","targetHints":{"allow":["GET"]}}],"collection":[{"href":"https:\/\/rentalterrafirma.cl\/index.php\/wp-json\/wp\/v2\/product"}],"about":[{"href":"https:\/\/rentalterrafirma.cl\/index.php\/wp-json\/wp\/v2\/types\/product"}],"wp:featuredmedia":[{"embeddable":true,"href":"https:\/\/rentalterrafirma.cl\/index.php\/wp-json\/wp\/v2\/media\/9865"}],"wp:attachment":[{"href":"https:\/\/rentalterrafirma.cl\/index.php\/wp-json\/wp\/v2\/media?parent=9441"}],"wp:term":[{"taxonomy":"product_brand","embeddable":true,"href":"https:\/\/rentalterrafirma.cl\/index.php\/wp-json\/wp\/v2\/product_brand?post=9441"},{"taxonomy":"product_cat","embeddable":true,"href":"https:\/\/rentalterrafirma.cl\/index.php\/wp-json\/wp\/v2\/product_cat?post=9441"},{"taxonomy":"product_tag","embeddable":true,"href":"https:\/\/rentalterrafirma.cl\/index.php\/wp-json\/wp\/v2\/product_tag?post=9441"}],"curies":[{"name":"wp","href":"https:\/\/api.w.org\/{rel}","templated":true}]}}