{"id":9995,"date":"2024-10-09T11:32:02","date_gmt":"2024-10-09T14:32:02","guid":{"rendered":"https:\/\/rentalterrafirma.cl\/?post_type=product&#038;p=9995"},"modified":"2024-10-09T13:43:59","modified_gmt":"2024-10-09T16:43:59","slug":"escenario-modular","status":"publish","type":"product","link":"https:\/\/rentalterrafirma.cl\/index.php\/producto\/escenario-modular\/","title":{"rendered":"Escenario Modular"},"content":{"rendered":"<p>En Rental Terra Firma, ofrecemos un innovador escenario modular con una superficie m\u00e1xima de 50 m\u00b2, dise\u00f1ado para adaptarse a diversas necesidades de eventos. Este escenario est\u00e1 construido con truss de aluminio de alta calidad, lo que permite la implementaci\u00f3n de sistemas de iluminaci\u00f3n y pantallas LED, garantizando una experiencia visual impactante. Incluimos dos escaleras de acceso para facilitar la movilidad y el uso seguro del escenario. Nuestro servicio abarca el montaje y desmontaje del escenario, as\u00ed como el traslado, entrega y retiro, asegurando que cada evento se desarrolle sin contratiempos. Conf\u00eda en nosotros para proporcionar soluciones completas y profesionales para tus eventos. <\/p>\n<p>\u00a1Cont\u00e1ctanos hoy mismo!<\/p>\n<div style=\"width: 640px;\" class=\"wp-video\"><video class=\"wp-video-shortcode\" id=\"video-9995-1\" width=\"640\" height=\"360\" preload=\"metadata\" controls=\"controls\"><source type=\"video\/mp4\" src=\"https:\/\/rentalterrafirma.cl\/wp-content\/uploads\/2024\/10\/WhatsApp-Video-2024-10-08-at-17.39.54.mp4?_=1\" \/><a href=\"https:\/\/rentalterrafirma.cl\/wp-content\/uploads\/2024\/10\/WhatsApp-Video-2024-10-08-at-17.39.54.mp4\">https:\/\/rentalterrafirma.cl\/wp-content\/uploads\/2024\/10\/WhatsApp-Video-2024-10-08-at-17.39.54.mp4<\/a><\/video><\/div>\n","protected":false},"excerpt":{"rendered":"<p>En Rental Terra Firma, ofrecemos un innovador escenario modular con una superficie m\u00e1xima de 50 m\u00b2, dise\u00f1ado para adaptarse a diversas necesidades de eventos. Este escenario est\u00e1 construido con truss de aluminio de alta calidad, lo que permite la implementaci\u00f3n de sistemas de iluminaci\u00f3n y pantallas LED, garantizando una experiencia visual impactante. Incluimos dos escaleras&#8230;<\/p>\n","protected":false},"featured_media":9956,"template":"","meta":[],"product_brand":[],"product_cat":[15],"product_tag":[],"class_list":{"0":"post-9995","1":"product","2":"type-product","3":"status-publish","4":"has-post-thumbnail","6":"product_cat-sin-categorizar","8":"first","9":"instock","10":"shipping-taxable","11":"product-type-simple"},"_links":{"self":[{"href":"https:\/\/rentalterrafirma.cl\/index.php\/wp-json\/wp\/v2\/product\/9995","targetHints":{"allow":["GET"]}}],"collection":[{"href":"https:\/\/rentalterrafirma.cl\/index.php\/wp-json\/wp\/v2\/product"}],"about":[{"href":"https:\/\/rentalterrafirma.cl\/index.php\/wp-json\/wp\/v2\/types\/product"}],"wp:featuredmedia":[{"embeddable":true,"href":"https:\/\/rentalterrafirma.cl\/index.php\/wp-json\/wp\/v2\/media\/9956"}],"wp:attachment":[{"href":"https:\/\/rentalterrafirma.cl\/index.php\/wp-json\/wp\/v2\/media?parent=9995"}],"wp:term":[{"taxonomy":"product_brand","embeddable":true,"href":"https:\/\/rentalterrafirma.cl\/index.php\/wp-json\/wp\/v2\/product_brand?post=9995"},{"taxonomy":"product_cat","embeddable":true,"href":"https:\/\/rentalterrafirma.cl\/index.php\/wp-json\/wp\/v2\/product_cat?post=9995"},{"taxonomy":"product_tag","embeddable":true,"href":"https:\/\/rentalterrafirma.cl\/index.php\/wp-json\/wp\/v2\/product_tag?post=9995"}],"curies":[{"name":"wp","href":"https:\/\/api.w.org\/{rel}","templated":true}]}}